{"id":2,"date":"2016-05-10T03:48:21","date_gmt":"2016-05-10T03:48:21","guid":{"rendered":"http:\/\/serwer1755884.home.pl\/autoinstalator\/wordpress\/?page_id=2"},"modified":"2026-01-13T12:53:39","modified_gmt":"2026-01-13T11:53:39","slug":"sample-page","status":"publish","type":"page","link":"https:\/\/spzozjedlinsk.pl\/?page_id=2","title":{"rendered":"O nas"},"content":{"rendered":"<div class=\"main-content wrapper clearfix\">\r\n<div class=\"content-bg\">\r\n<section id=\"page-zones__main\" class=\"bk-zone column \" data-uniqueid=\"0VLuEEsocm4XcNQ\" data-parentuniqueid=\"\">\r\n<div id=\"page-zones__main-widgets__responsivecolumns1\" class=\"widget responsivecolumns columns-two-50-50\" data-uniqueid=\"1gMUwvR2y7C8i8R\" data-parentuniqueid=\"0VLuEEsocm4XcNQ\">\r\n<section id=\"page-zones__main-widgets__responsivecolumns1-zones__column\" class=\"bk-zone column columns-two-left\" data-uniqueid=\"hitRenxQq301Nji\" data-parentuniqueid=\"1gMUwvR2y7C8i8R\">\r\n<div id=\"page-zones__main-widgets__responsivecolumns1-zones__column-widgets__text1\" class=\"widget content\" data-uniqueid=\"rrlUIbheEXflfaY\" data-parentuniqueid=\"hitRenxQq301Nji\">\r\n<div class=\"bk-content-text js-text-content wysihtml-editor-content\">\r\n<p>Samodzielny Publiczny Zak\u0142ad Opieki Zdrowotnej w Jedli\u0144sku jest podmiotem leczniczym realizuj\u0105cym, w ramach zawartych um\u00f3w z Narodowym Fundusem Zdrowia, \u015bwiadczenia opieki zdrowotnej w nast\u0119puj\u0105cych rodzajach:<\/p>\r\n<ul>\r\n<li>podstawowa opieka zdrowotna (POZ), w zakresie \u015bwiadcze\u0144 udzielanych przez lekarza POZ, piel\u0119gniark\u0119 POZ, po\u0142o\u017cn\u0105 POZ, piel\u0119gniark\u0119 szkoln\u0105<\/li>\r\n<li>leczenie stomatologiczne (STM), w zakresie og\u00f3lnostomatologicznym<\/li>\r\n<li>ambulatoryjna opieka specjalistyczna (AOS), w zakresie po\u0142o\u017cnictwa i ginekologii<\/li>\r\n<\/ul>\r\n<\/div>\r\n<\/div>\r\n<\/section>\r\n<\/div>\r\n<\/section>\r\n<\/div>\r\n<\/div>\r\n<div class=\"wp-block-image\">\r\n<figure class=\"aligncenter size-full is-resized\"><img decoding=\"async\" class=\"wp-image-5\" src=\"https:\/\/spzozjedlinsk.pl\/autoinstalator\/wordpress\/wp-content\/uploads\/2018\/06\/13925351_1021849304600330_1923741982279398082_n.jpg\" alt=\"O\u015brodek Zdrowia w Jedli\u0144sku\" width=\"450\" srcset=\"https:\/\/spzozjedlinsk.pl\/autoinstalator\/wordpress\/wp-content\/uploads\/2018\/06\/13925351_1021849304600330_1923741982279398082_n.jpg 960w, https:\/\/spzozjedlinsk.pl\/autoinstalator\/wordpress\/wp-content\/uploads\/2018\/06\/13925351_1021849304600330_1923741982279398082_n-300x225.jpg 300w, https:\/\/spzozjedlinsk.pl\/autoinstalator\/wordpress\/wp-content\/uploads\/2018\/06\/13925351_1021849304600330_1923741982279398082_n-768x576.jpg 768w\" sizes=\"(max-width: 960px) 100vw, 960px\" \/>\r\n<figcaption>O\u015brodek Zdrowia w Jedli\u0144sku<\/figcaption>\r\n<\/figure>\r\n<\/div>\r\n\r\n\r\n<p>W ramach SPZOZ w Jedli\u0144sku dzia\u0142a <strong>Poradnia Rehabilitacji<\/strong>, oferuj\u0105ca szeroki zakres zabieg\u00f3w z zakresu fizykoterapii oraz kinezyterapii. Posiadamy nowoczesn\u0105 aparatur\u0119 zabiegow\u0105, sal\u0119 gimnastyczn\u0105 oraz przestronne, nowocze\u015bnie wyposa\u017cone gabinety. Oferujemy kompleksow\u0105 rehabilitacj\u0119 neurologiczn\u0105, ortopedyczn\u0105 oraz pourazow\u0105.<\/p>\r\n\r\n\r\n\r\n<p><strong>Telefon do Poradni Rehabilitacji: 48 386 31 55<\/strong>.<br \/>Od pa\u017adziernika 2017 roku udzielamy w ramach umowy z NFZ \u015bwiadcze\u0144 w rodzaju rehabilitacja lecznicza w zakresie fizjoterapii ambulatoryjnej.<br \/>Wykonujemy nast\u0119puj\u0105ce zabiegi rehabilitacyjne:<\/p>\r\n\r\n\r\n\r\n<h4 class=\"wp-block-heading\"><strong>FIZYKOTERAPIA:<\/strong><\/h4>\r\n\r\n\r\n\r\n<ul class=\"wp-block-list\">\r\n<li>pr\u0105dy Nemecka<\/li>\r\n<li>pr\u0105dy Tensa<\/li>\r\n<li>pr\u0105dy Kotza<\/li>\r\n<li>pr\u0105dy Trauberta<\/li>\r\n<li>jonoforeza<\/li>\r\n<li>galwanizacja<\/li>\r\n<li>elektrostymulacja<\/li>\r\n<li>magnetoterapia<\/li>\r\n<li>diatermia kr\u00f3tkofalowa (DKF)<\/li>\r\n<li>wir\u00f3wka ko\u0144czyn dolnych i g\u00f3rnych<\/li>\r\n<li>na\u015bwietlania lamp\u0105 Sollux<\/li>\r\n<li>laseroterapia (laser punktowy, skaner)<\/li>\r\n<li>ultrad\u017awi\u0119ki, fonoforeza<\/li>\r\n<li>krioterapia (miejscowa)<\/li>\r\n<\/ul>\r\n\r\n\r\n\r\n<h4 class=\"wp-block-heading\"><strong>KINEZYTERAPIA:<\/strong><\/h4>\r\n\r\n\r\n\r\n<ul class=\"wp-block-list\">\r\n<li>\u0107wiczenia czynno-bierne<\/li>\r\n<li>\u0107wiczenia czynne z oporem<\/li>\r\n<li>\u0107wiczenia w odci\u0105\u017ceniu<\/li>\r\n<li>\u0107wiczenia w odci\u0105\u017ceniu z oporem<\/li>\r\n<li>\u0107wiczenia wzmacniaj\u0105ce mi\u0119\u015bnie brzucha, ud, grzbietu, po\u015bladk\u00f3w<\/li>\r\n<\/ul>\r\n\r\n\r\n\r\n<h4 class=\"wp-block-heading\"><strong>MASA\u017b:<\/strong><\/h4>\r\n\r\n\r\n\r\n<ul class=\"wp-block-list\">\r\n<li>klasyczny<\/li>\r\n<li>wibracyjny (aquavibron)<\/li>\r\n<\/ul>\r\n<h4>FALA UDERZENIOWA NAJTANIEJ W OKOLICY<\/h4>\r\n\r\n\r\n<div class=\"wp-block-image\">\r\n<figure class=\"aligncenter size-full is-resized\"><img decoding=\"async\" class=\"wp-image-158\" src=\"https:\/\/spzozjedlinsk.pl\/autoinstalator\/wordpress\/wp-content\/uploads\/2020\/05\/IMGP2215.jpg\" alt=\"O\u015brodek Zdrowia w Jedli\u0144sku\" width=\"450\" srcset=\"https:\/\/spzozjedlinsk.pl\/autoinstalator\/wordpress\/wp-content\/uploads\/2020\/05\/IMGP2215.jpg 640w, https:\/\/spzozjedlinsk.pl\/autoinstalator\/wordpress\/wp-content\/uploads\/2020\/05\/IMGP2215-300x169.jpg 300w\" sizes=\"(max-width: 640px) 100vw, 640px\" \/>\r\n<figcaption>O\u015brodek Zdrowia w Jedli\u0144sku<\/figcaption>\r\n<\/figure>\r\n<\/div>\r\n\r\n<hr class=\"wp-block-separator has-text-color has-very-dark-gray-color has-css-opacity has-very-dark-gray-background-color has-background is-style-wide\" \/>\r\n\r\n\r\n<p><strong>O\u015brodek Zdrowia Filia we Wsoli<\/strong><\/p>\r\n\r\n\r\n\r\n<ul class=\"wp-block-list\">\r\n<li>podstawowa opieka zdrowotna<\/li>\r\n<li>leczenie stomatologiczne<\/li>\r\n<\/ul>\r\n\r\n\r\n<div class=\"wp-block-image\">\r\n<figure class=\"aligncenter size-full is-resized\"><img decoding=\"async\" class=\"wp-image-157\" src=\"https:\/\/spzozjedlinsk.pl\/autoinstalator\/wordpress\/wp-content\/uploads\/2020\/05\/IMGP2211.jpg\" alt=\"O\u015brodek Zdrowia we Wsoli\" width=\"450\" srcset=\"https:\/\/spzozjedlinsk.pl\/autoinstalator\/wordpress\/wp-content\/uploads\/2020\/05\/IMGP2211.jpg 640w, https:\/\/spzozjedlinsk.pl\/autoinstalator\/wordpress\/wp-content\/uploads\/2020\/05\/IMGP2211-300x169.jpg 300w\" sizes=\"(max-width: 640px) 100vw, 640px\" \/>\r\n<figcaption>O\u015brodek Zdrowia we Wsoli<\/figcaption>\r\n<\/figure>\r\n<\/div>\r\n\r\n<hr class=\"wp-block-separator has-text-color has-very-dark-gray-color has-css-opacity has-very-dark-gray-background-color has-background is-style-wide\" \/>\r\n\r\n\r\n<p><strong>O\u015brodek Zdrowia Filia w Bierwcach<\/strong><\/p>\r\n\r\n\r\n\r\n<ul class=\"wp-block-list\">\r\n<li>podstawowa opieka zdrowotna<\/li>\r\n<li>leczenie stomatologiczne<\/li>\r\n<\/ul>\r\n\r\n\r\n<div class=\"wp-block-image wp-image-159\">\r\n<figure class=\"aligncenter size-full is-resized\"><img decoding=\"async\" class=\"wp-image-159\" src=\"https:\/\/spzozjedlinsk.pl\/autoinstalator\/wordpress\/wp-content\/uploads\/2020\/05\/IMGP2216.jpg\" alt=\"O\u015brodek Zdrowia w Bierwcach\" width=\"450\" srcset=\"https:\/\/spzozjedlinsk.pl\/autoinstalator\/wordpress\/wp-content\/uploads\/2020\/05\/IMGP2216.jpg 640w, https:\/\/spzozjedlinsk.pl\/autoinstalator\/wordpress\/wp-content\/uploads\/2020\/05\/IMGP2216-300x169.jpg 300w\" sizes=\"(max-width: 640px) 100vw, 640px\" \/>\r\n<figcaption>O\u015brodek Zdrowia w Bierwcach<\/figcaption>\r\n<\/figure>\r\n<\/div>\r\n\r\n<hr class=\"wp-block-separator has-text-color has-very-dark-gray-color has-css-opacity has-very-dark-gray-background-color has-background is-style-wide\" \/>\r\n\r\n\r\n<h3><strong>Badania laboratoryjne:<\/strong><\/h3>\r\n\r\n\r\n\r\n<p><strong>Specjalistyczna Pracownia Analiz Lekarskich mgr Krystyna Ba\u0142dys<\/strong>, ul. Struga 19\/21, 26-600 Radom, tel. 48 363 45 66.<\/p>\r\n\r\n\r\n\r\n<ul class=\"wp-block-list\">\r\n<li>Pobrania w O\u015brodku Zdrowia w Jedli\u0144sku b\u0119d\u0105 wykonywane we wtorki i \u015brody w godzinach od 8:00 do 10:00.<\/li>\r\n<li>Pobrania w O\u015brodkach Zdrowia we Wsoli i w Bierwcach b\u0119d\u0105 odbywa\u0142y si\u0119 co drugi tydzie\u0144 &#8211; wi\u0119cej informacji w O\u015brodkach Zdrowia.<\/li>\r\n<li>Pobrania do bada\u0144 w Pracowni przy ul. Struga 19\/21 w Radomiu, tel. 48 363 45 66:\r\n<ul>\r\n<li>od poniedzia\u0142ku do pi\u0105tku w godz. 7:00 &#8211; 9:30 oraz w godz. 16:00 &#8211; 17:00,<\/li>\r\n<li>w soboty w godz. 7:00 &#8211; 9:30.<\/li>\r\n<\/ul>\r\n<\/li>\r\n<\/ul>\r\n\r\n\r\n\r\n\r\n\r\n\r\n\r\n\r\n\r\n<p><strong>MEDICA Laboratorium Analiz Medycznych <\/strong>Radom , tel.48 365 49 33<\/p>\r\n\r\n\r\n\r\n<ul class=\"wp-block-list\">\r\n<li>ul. S\u0142owackiego 48\/48a; pn-pt 6.30-18.00 sob. 6.30-13.00<\/li>\r\n<li>ul. B\u0142awatna 2; pn-pt 7.00-15.00<\/li>\r\n<\/ul>\r\n<p><strong>Diagnostyka<\/strong> Laboratorium, pn-pt 7.00-14.00<\/p>\r\n<ul>\r\n<li>ul. Batorego 24<\/li>\r\n<li>ul. Chrobrego 30c<\/li>\r\n<li>ul. Mickiewicza 6<\/li>\r\n<\/ul>\r\n<h3><strong>Badania USG:<\/strong><\/h3>\r\n<ul>\r\n<li>O\u015brodek Zdrowia w Jedli\u0144sku, ul. Warecka 4, 26-660 Jedli\u0144sk, tel. 48 31 21 186<\/li>\r\n<li>MEDIKS, ul. Mireckiego 10, 26-600 Radom, tel. 48 360 22 22<\/li>\r\n<li>MEDJANA, ul. Czachowskiego 21a, 26-600 Radom, tel. 48 363 33 73<\/li>\r\n<\/ul>\r\n<h3><strong>DOPPLER KO\u0143CZYN DOLNYCH:<\/strong><\/h3>\r\n<ul>\r\n<li>CENTRUM, ul. Warszawska 4, 26-600 Radom, tel. 48 364 40 99<\/li>\r\n<\/ul>\r\n<h3><strong>RTG:<\/strong><\/h3>\r\n<ul>\r\n<li>VITAMED, ul. G\u0142\u00f3wna 12, 26-600 Radom, tel. 48 365 11 13<\/li>\r\n<li>CENTRUM, ul. Gajowa 66, 26-600 Radom, tel. 48 360 67 46, 48 332 93 53<\/li>\r\n<li>Mazowiecki Szpital Specjalistyczny ul. Aleksandrowicza 5, Radom<\/li>\r\n<li>Radomskie Centrum Onkologii, ul. Uniwersytecka 6a, 26-600 Radom, tel. 48 377 90 20<\/li>\r\n<\/ul>\r\n","protected":false},"excerpt":{"rendered":"<p>Samodzielny Publiczny Zak\u0142ad Opieki Zdrowotnej w Jedli\u0144sku jest podmiotem leczniczym realizuj\u0105cym, w ramach zawartych um\u00f3w z Narodowym Fundusem Zdrowia, \u015bwiadczenia opieki zdrowotnej w nast\u0119puj\u0105cych rodzajach: podstawowa opieka zdrowotna (POZ), w zakresie \u015bwiadcze\u0144 udzielanych przez lekarza POZ, piel\u0119gniark\u0119 POZ, po\u0142o\u017cn\u0105 POZ, piel\u0119gniark\u0119 szkoln\u0105 leczenie stomatologiczne (STM), w zakresie og\u00f3lnostomatologicznym ambulatoryjna opieka specjalistyczna (AOS), w zakresie po\u0142o\u017cnictwa [&hellip;]<\/p>\n","protected":false},"author":2,"featured_media":0,"parent":0,"menu_order":0,"comment_status":"closed","ping_status":"open","template":"","meta":{"footnotes":""},"class_list":["post-2","page","type-page","status-publish","hentry"],"_links":{"self":[{"href":"https:\/\/spzozjedlinsk.pl\/index.php?rest_route=\/wp\/v2\/pages\/2","targetHints":{"allow":["GET"]}}],"collection":[{"href":"https:\/\/spzozjedlinsk.pl\/index.php?rest_route=\/wp\/v2\/pages"}],"about":[{"href":"https:\/\/spzozjedlinsk.pl\/index.php?rest_route=\/wp\/v2\/types\/page"}],"author":[{"embeddable":true,"href":"https:\/\/spzozjedlinsk.pl\/index.php?rest_route=\/wp\/v2\/users\/2"}],"replies":[{"embeddable":true,"href":"https:\/\/spzozjedlinsk.pl\/index.php?rest_route=%2Fwp%2Fv2%2Fcomments&post=2"}],"version-history":[{"count":21,"href":"https:\/\/spzozjedlinsk.pl\/index.php?rest_route=\/wp\/v2\/pages\/2\/revisions"}],"predecessor-version":[{"id":518,"href":"https:\/\/spzozjedlinsk.pl\/index.php?rest_route=\/wp\/v2\/pages\/2\/revisions\/518"}],"wp:attachment":[{"href":"https:\/\/spzozjedlinsk.pl\/index.php?rest_route=%2Fwp%2Fv2%2Fmedia&parent=2"}],"curies":[{"name":"wp","href":"https:\/\/api.w.org\/{rel}","templated":true}]}}