{"id":28,"date":"2018-06-05T21:53:34","date_gmt":"2018-06-05T21:53:34","guid":{"rendered":"http:\/\/serwer1755884.home.pl\/autoinstalator\/wordpress\/?page_id=28"},"modified":"2024-03-25T23:42:44","modified_gmt":"2024-03-25T22:42:44","slug":"przydatne-linki","status":"publish","type":"page","link":"https:\/\/spzozjedlinsk.pl\/?page_id=28","title":{"rendered":"Przydatne linki"},"content":{"rendered":"\n<div class=\"wp-block-group\"><div class=\"wp-block-group__inner-container is-layout-constrained wp-block-group-is-layout-constrained\">\n<div id=\"page-zones__main-widgets__594aa240d8182\" class=\"widget responsivecolumns\" data-uniqueid=\"F7QWZM8cuHJGsLe\" data-parentuniqueid=\"n4iwoHM9cH1A0Tt\">\n<section id=\"page-zones__main-widgets__594aa240d8182-zones__594aa241ba0fe\" class=\"bk-zone column columns-two-left\" data-uniqueid=\"fWiOp6wSCpBcQ3q\" data-parentuniqueid=\"F7QWZM8cuHJGsLe\">\n<div id=\"page-zones__main-widgets__594aa240d8182-zones__594aa241ba0fe-widgets__594aa1f4a5c0c\" class=\"widget content\" data-uniqueid=\"o2S4BluqTDgINrF\" data-parentuniqueid=\"fWiOp6wSCpBcQ3q\">\n<div class=\"bk-content-text js-text-content wysihtml-editor-content\">\n<section id=\"page-zones__main-widgets__594aa240d8182-zones__594aa241ba0fe\" class=\"bk-zone column columns-two-left\" data-uniqueid=\"fWiOp6wSCpBcQ3q\" data-parentuniqueid=\"F7QWZM8cuHJGsLe\">\n<div id=\"page-zones__main-widgets__594aa240d8182-zones__594aa241ba0fe-widgets__594aa1f4a5c0c\" class=\"widget content\" data-uniqueid=\"o2S4BluqTDgINrF\" data-parentuniqueid=\"fWiOp6wSCpBcQ3q\">\n<div class=\"bk-content-text js-text-content wysihtml-editor-content\">\n<h4><b><a href=\"https:\/\/www.gov.pl\/web\/rpp\" target=\"_blank\" rel=\"noopener noreferrer\">Biuro Rzecznika Praw Pacjenta<\/a><\/b><\/h4>\n<\/div>\n<\/div>\n<\/section>\n<section id=\"page-zones__main-widgets__594aa240d8182-zones__594aa242515bf\" class=\"bk-zone column columns-two-right\" data-uniqueid=\"Oi2ae7WinF0lhT2\" data-parentuniqueid=\"F7QWZM8cuHJGsLe\">\n<div id=\"page-zones__main-widgets__594aa240d8182-zones__594aa242515bf-widgets__594aa2387e4f2\" class=\"widget content\" data-uniqueid=\"BBdtHyJo7xYts7b\" data-parentuniqueid=\"Oi2ae7WinF0lhT2\">\n<div class=\"bk-content-text js-text-content wysihtml-editor-content\">\n<p>ul. P\u0142ocka 11\/13, 01-231 Warszawa<br \/><a href=\"mailto:kancelaria@rpp.gov.pl\">kancelaria@rpp.gov.pl<\/a><br \/>faks: 22 506 50 64<\/p>\n<p>Telefoniczna Informacja Pacjenta: 800 190 590<\/p>\n<hr \/><b><\/b><\/div>\n<div>\u00a0<\/div>\n<div class=\"bk-content-text js-text-content wysihtml-editor-content\"><b><a href=\"http:\/\/www.nfz.gov.pl\" target=\"_blank\" rel=\"noopener noreferrer\">Centrala NFZ<\/a><\/b><\/div>\n<\/div>\n<\/section>\n<\/div>\n<\/div>\n<\/section>\n<section id=\"page-zones__main-widgets__594aa240d8182-zones__594aa242515bf\" class=\"bk-zone column columns-two-right\" data-uniqueid=\"Oi2ae7WinF0lhT2\" data-parentuniqueid=\"F7QWZM8cuHJGsLe\">\n<div id=\"page-zones__main-widgets__594aa240d8182-zones__594aa242515bf-widgets__594aa2387e4f2\" class=\"widget content\" data-uniqueid=\"BBdtHyJo7xYts7b\" data-parentuniqueid=\"Oi2ae7WinF0lhT2\">\n<div class=\"bk-content-text js-text-content wysihtml-editor-content\">\n<p>Narodowy Fundusz Zdrowia<br \/>ul. Gr\u00f3jecka 186 , 02-390 Warszawa<br \/>tel. 22 572 60 00<br \/>faks 22 572 63 33<\/p>\n<p>Infolinia: 800 392 976, <a href=\"mailto:infolinia@nfz.gov.pl\">infolinia@nfz.gov.pl<\/a><br \/>Infolinia &#8222;kolejkowa: 22 572 60 42, <a href=\"mailto:kolejki@nfz.gov.pl\">kolejki@nfz.gov.pl<\/a><\/p>\n<hr \/>\n<div id=\"page-zones__main-widgets__594aa42121ba4\" class=\"widget responsivecolumns\" data-uniqueid=\"YwaasvmNwKOURJS\" data-parentuniqueid=\"n4iwoHM9cH1A0Tt\">\n<section id=\"page-zones__main-widgets__594aa42121ba4-zones__594aa421f3a6a\" class=\"bk-zone column columns-two-left\" data-uniqueid=\"CtLuiI2yySfk2FW\" data-parentuniqueid=\"YwaasvmNwKOURJS\">\n<div id=\"page-zones__main-widgets__594aa42121ba4-zones__594aa421f3a6a-widgets__594aa415133a7\" class=\"widget content\" data-uniqueid=\"pyf7vTcxMkqM2mT\" data-parentuniqueid=\"CtLuiI2yySfk2FW\">\n<div class=\"bk-content-text js-text-content wysihtml-editor-content\">\n<h4><b><a href=\"http:\/\/www.nfz-warszawa.pl\" target=\"_blank\" rel=\"noopener noreferrer\">Mazowiecki Oddzia\u0142 NFZ<\/a><\/b><\/h4>\n<\/div>\n<\/div>\n<\/section>\n<section id=\"page-zones__main-widgets__594aa42121ba4-zones__594aa42282a44\" class=\"bk-zone column columns-two-right\" data-uniqueid=\"Nih6gGzZ6GrHOoZ\" data-parentuniqueid=\"YwaasvmNwKOURJS\">\n<div id=\"page-zones__main-widgets__594aa42121ba4-zones__594aa42282a44-widgets__594aa41611f0b\" class=\"widget content\" data-uniqueid=\"mmonmF5bFWEWjw8\" data-parentuniqueid=\"Nih6gGzZ6GrHOoZ\">\n<div class=\"bk-content-text js-text-content wysihtml-editor-content\">\n<p>Mazowiecki Oddzia\u0142 Wojew\u00f3dzki NFZ w Warszawie<br \/>00-613 Warszawa, ul. Cha\u0142ubi\u0144skiego 8<br \/>tel. 22 456 74 01<\/p>\n<p>Infolinia: 800 804 007<br \/>Infolinia &#8222;kolejkowa&#8221; (8:00-16:00 pon-\u015br, pt; 8:00-18:00 czw): 22 456 74 01<\/p>\n<hr \/>\n<div id=\"page-zones__main-widgets__594aa6edae7e9\" class=\"widget responsivecolumns\" data-uniqueid=\"dqJv9VRInlSHixM\" data-parentuniqueid=\"n4iwoHM9cH1A0Tt\">\n<section id=\"page-zones__main-widgets__594aa6edae7e9-zones__594aa6eed2e54\" class=\"bk-zone column columns-two-left\" data-uniqueid=\"nTZx5nCYQIz3Xng\" data-parentuniqueid=\"dqJv9VRInlSHixM\">\n<div id=\"page-zones__main-widgets__594aa6edae7e9-zones__594aa6eed2e54-widgets__594aa6e4e7c77\" class=\"widget content\" data-uniqueid=\"VkQFo47owGwhi2e\" data-parentuniqueid=\"nTZx5nCYQIz3Xng\">\n<div class=\"bk-content-text js-text-content wysihtml-editor-content\">\n<h4><b><a href=\"http:\/\/www.jedlinsk.pl\" target=\"_blank\" rel=\"noopener noreferrer\">Gmina Jedli\u0144sk<\/a><\/b><\/h4>\n<p>Urz\u0105d Gminy Jedli\u0144sk<br \/>ul. Warecka 19, 26-660 Jedli\u0144sk<br \/>tel.\/fax: 48 321 30 21<\/p>\n<\/div>\n<\/div>\n<\/section>\n<section id=\"page-zones__main-widgets__594aa6edae7e9-zones__594aa6ef67742\" class=\"bk-zone column columns-two-right\" data-uniqueid=\"oEUXJF8r0JWRNqu\" data-parentuniqueid=\"dqJv9VRInlSHixM\">\n<div id=\"page-zones__main-widgets__594aa6edae7e9-zones__594aa6ef67742-widgets__594aa6d59d886\" class=\"widget content\" data-uniqueid=\"Bhw0xUwB1nIbA0t\" data-parentuniqueid=\"oEUXJF8r0JWRNqu\">\n<div class=\"bk-content-text js-text-content wysihtml-editor-content\">\n<p><a href=\"mailto:jedlinsk@jedlinsk.pl\">jedlinsk@jedlinsk.pl<\/a><\/p>\n<\/div>\n<\/div>\n<\/section>\n<\/div>\n<\/div>\n<\/div>\n<\/section>\n<\/div>\n<\/div>\n<\/div>\n<\/section>\n<\/div>\n<\/div><\/div>\n","protected":false},"excerpt":{"rendered":"<p>Biuro Rzecznika Praw Pacjenta ul. P\u0142ocka 11\/13, 01-231 Warszawakancelaria@rpp.gov.plfaks: 22 506 50 64 Telefoniczna Informacja Pacjenta: 800 190 590 \u00a0 Centrala NFZ Narodowy Fundusz Zdrowiaul. Gr\u00f3jecka 186 , 02-390 Warszawatel. 22 572 60 00faks 22 572 63 33 Infolinia: 800 392 976, infolinia@nfz.gov.plInfolinia &#8222;kolejkowa: 22 572 60 42, kolejki@nfz.gov.pl Mazowiecki Oddzia\u0142 NFZ Mazowiecki Oddzia\u0142 Wojew\u00f3dzki [&hellip;]<\/p>\n","protected":false},"author":2,"featured_media":0,"parent":0,"menu_order":0,"comment_status":"closed","ping_status":"closed","template":"","meta":{"footnotes":""},"class_list":["post-28","page","type-page","status-publish","hentry"],"_links":{"self":[{"href":"https:\/\/spzozjedlinsk.pl\/index.php?rest_route=\/wp\/v2\/pages\/28","targetHints":{"allow":["GET"]}}],"collection":[{"href":"https:\/\/spzozjedlinsk.pl\/index.php?rest_route=\/wp\/v2\/pages"}],"about":[{"href":"https:\/\/spzozjedlinsk.pl\/index.php?rest_route=\/wp\/v2\/types\/page"}],"author":[{"embeddable":true,"href":"https:\/\/spzozjedlinsk.pl\/index.php?rest_route=\/wp\/v2\/users\/2"}],"replies":[{"embeddable":true,"href":"https:\/\/spzozjedlinsk.pl\/index.php?rest_route=%2Fwp%2Fv2%2Fcomments&post=28"}],"version-history":[{"count":3,"href":"https:\/\/spzozjedlinsk.pl\/index.php?rest_route=\/wp\/v2\/pages\/28\/revisions"}],"predecessor-version":[{"id":279,"href":"https:\/\/spzozjedlinsk.pl\/index.php?rest_route=\/wp\/v2\/pages\/28\/revisions\/279"}],"wp:attachment":[{"href":"https:\/\/spzozjedlinsk.pl\/index.php?rest_route=%2Fwp%2Fv2%2Fmedia&parent=28"}],"curies":[{"name":"wp","href":"https:\/\/api.w.org\/{rel}","templated":true}]}}